{"id":25927,"date":"2021-08-06T09:00:12","date_gmt":"2021-08-06T09:00:12","guid":{"rendered":"https:\/\/driver.atombilisim.com.tr\/?page_id=25927"},"modified":"2021-08-09T15:22:22","modified_gmt":"2021-08-09T15:22:22","slug":"turbox-h110","status":"publish","type":"page","link":"https:\/\/driver.atombilisim.com.tr\/index.php\/turbox-h110\/","title":{"rendered":"Turbox  H310"},"content":{"rendered":"\n<figure class=\"wp-block-image size-medium is-resized is-style-rounded wp-duotone-000000-7f7f7f-1\"><img data-recalc-dims=\"1\" loading=\"lazy\" decoding=\"async\" src=\"https:\/\/i0.wp.com\/driver.atombilisim.com.tr\/wp-content\/uploads\/2021\/08\/33eb2fa6-5056-bcd5-b3f98e28f89de773-1.jpg?resize=221%2C221&#038;ssl=1\" alt=\"\" class=\"wp-image-25928\" width=\"221\" height=\"221\" srcset=\"https:\/\/i0.wp.com\/driver.atombilisim.com.tr\/wp-content\/uploads\/2021\/08\/33eb2fa6-5056-bcd5-b3f98e28f89de773-1.jpg?resize=300%2C300&amp;ssl=1 300w, https:\/\/i0.wp.com\/driver.atombilisim.com.tr\/wp-content\/uploads\/2021\/08\/33eb2fa6-5056-bcd5-b3f98e28f89de773-1.jpg?resize=150%2C150&amp;ssl=1 150w, https:\/\/i0.wp.com\/driver.atombilisim.com.tr\/wp-content\/uploads\/2021\/08\/33eb2fa6-5056-bcd5-b3f98e28f89de773-1.jpg?resize=768%2C768&amp;ssl=1 768w, https:\/\/i0.wp.com\/driver.atombilisim.com.tr\/wp-content\/uploads\/2021\/08\/33eb2fa6-5056-bcd5-b3f98e28f89de773-1.jpg?w=1000&amp;ssl=1 1000w\" sizes=\"auto, (max-width: 221px) 100vw, 221px\" \/><\/figure>\n\n\n<div class=\"wp-block-uagb-faq uagb-faq__outer-wrap uagb-block-e1c43baa uagb-faq-icon-row uagb-faq-layout-accordion uagb-faq-expand-first-true uagb-faq-inactive-other-true uagb-faq__wrap uagb-buttons-layout-wrap uagb-faq-equal-height     \" data-faqtoggle=\"true\" role=\"tablist\"><div class=\"wp-block-uagb-faq-child uagb-faq-child__outer-wrap uagb-faq-item uagb-block-91bc89bc \" role=\"tab\" tabindex=\"0\"><div class=\"uagb-faq-questions-button uagb-faq-questions\">\t\t\t<span class=\"uagb-icon uagb-faq-icon-wrap\">\n\t\t\t\t\t\t\t\t<svg xmlns=\"https:\/\/www.w3.org\/2000\/svg\" viewBox= \"0 0 448 512\"><path d=\"M432 256c0 17.69-14.33 32.01-32 32.01H256v144c0 17.69-14.33 31.99-32 31.99s-32-14.3-32-31.99v-144H48c-17.67 0-32-14.32-32-32.01s14.33-31.99 32-31.99H192v-144c0-17.69 14.33-32.01 32-32.01s32 14.32 32 32.01v144h144C417.7 224 432 238.3 432 256z\"><\/path><\/svg>\n\t\t\t\t\t\t\t<\/span>\n\t\t\t\t\t\t<span class=\"uagb-icon-active uagb-faq-icon-wrap\">\n\t\t\t\t\t\t\t\t<svg xmlns=\"https:\/\/www.w3.org\/2000\/svg\" viewBox= \"0 0 448 512\"><path d=\"M400 288h-352c-17.69 0-32-14.32-32-32.01s14.31-31.99 32-31.99h352c17.69 0 32 14.3 32 31.99S417.7 288 400 288z\"><\/path><\/svg>\n\t\t\t\t\t\t\t<\/span>\n\t\t\t<span class=\"uagb-question\">DR\u0130VER<\/span><\/div><div class=\"uagb-faq-content\"><p><a href=\"https:\/\/driver.atombilisim.com.tr\/wp-content\/uploads\/2021\/08\/VGA-1.zip\">VGA \u0130ND\u0130R<br><\/a><br><a href=\"https:\/\/driver.atombilisim.com.tr\/wp-content\/uploads\/2021\/08\/MEwin788.11020122008r22008standard64.zip\">CH\u0130PSET \u0130ND\u0130R<br><\/a><br><a href=\"https:\/\/down.gezginler.net\/6103-0009-64bit_Win7_Win8_Win81_Win10_R282.exe\">SES \u0130ND\u0130R<\/a><\/p><\/div><\/div><div class=\"wp-block-uagb-faq-child uagb-faq-child__outer-wrap uagb-faq-item uagb-block-df7c8b3f \" role=\"tab\" tabindex=\"0\"><div class=\"uagb-faq-questions-button uagb-faq-questions\">\t\t\t<span class=\"uagb-icon uagb-faq-icon-wrap\">\n\t\t\t\t\t\t\t\t<svg xmlns=\"https:\/\/www.w3.org\/2000\/svg\" viewBox= \"0 0 448 512\"><path d=\"M432 256c0 17.69-14.33 32.01-32 32.01H256v144c0 17.69-14.33 31.99-32 31.99s-32-14.3-32-31.99v-144H48c-17.67 0-32-14.32-32-32.01s14.33-31.99 32-31.99H192v-144c0-17.69 14.33-32.01 32-32.01s32 14.32 32 32.01v144h144C417.7 224 432 238.3 432 256z\"><\/path><\/svg>\n\t\t\t\t\t\t\t<\/span>\n\t\t\t\t\t\t<span class=\"uagb-icon-active uagb-faq-icon-wrap\">\n\t\t\t\t\t\t\t\t<svg xmlns=\"https:\/\/www.w3.org\/2000\/svg\" viewBox= \"0 0 448 512\"><path d=\"M400 288h-352c-17.69 0-32-14.32-32-32.01s14.31-31.99 32-31.99h352c17.69 0 32 14.3 32 31.99S417.7 288 400 288z\"><\/path><\/svg>\n\t\t\t\t\t\t\t<\/span>\n\t\t\t<span class=\"uagb-question\">B\u0130OS<\/span><\/div><div class=\"uagb-faq-content\"><p>H310 \u0130ND\u0130R<\/p><\/div><\/div><\/div>\n\n\n<p><\/p>\n","protected":false},"excerpt":{"rendered":"","protected":false},"author":2,"featured_media":0,"parent":0,"menu_order":0,"comment_status":"closed","ping_status":"closed","template":"","meta":{"_uag_custom_page_level_css":"","_joinchat":[],"footnotes":""},"class_list":["post-25927","page","type-page","status-publish","hentry"],"yoast_head":"<!-- This site is optimized with the Yoast SEO plugin v27.3 - https:\/\/yoast.com\/product\/yoast-seo-wordpress\/ -->\n<title>Turbox H310 - S\u00fcr\u00fcc\u00fcleri Y\u00fckle<\/title>\n<meta name=\"robots\" content=\"index, follow, max-snippet:-1, max-image-preview:large, max-video-preview:-1\" \/>\n<link rel=\"canonical\" href=\"https:\/\/driver.atombilisim.com.tr\/index.php\/turbox-h110\/\" \/>\n<meta property=\"og:locale\" content=\"tr_TR\" \/>\n<meta property=\"og:type\" content=\"article\" \/>\n<meta property=\"og:title\" content=\"Turbox H310 - S\u00fcr\u00fcc\u00fcleri Y\u00fckle\" \/>\n<meta property=\"og:url\" content=\"https:\/\/driver.atombilisim.com.tr\/index.php\/turbox-h110\/\" \/>\n<meta property=\"og:site_name\" content=\"S\u00fcr\u00fcc\u00fcleri Y\u00fckle\" \/>\n<meta property=\"article:modified_time\" content=\"2021-08-09T15:22:22+00:00\" \/>\n<meta property=\"og:image\" content=\"https:\/\/driver.atombilisim.com.tr\/wp-content\/uploads\/2021\/08\/33eb2fa6-5056-bcd5-b3f98e28f89de773-1-300x300.jpg\" \/>\n<meta name=\"twitter:card\" content=\"summary_large_image\" \/>\n<meta name=\"twitter:label1\" content=\"Tahmini okuma s\u00fcresi\" \/>\n\t<meta name=\"twitter:data1\" content=\"1 dakika\" \/>\n<script type=\"application\/ld+json\" class=\"yoast-schema-graph\">{\"@context\":\"https:\\\/\\\/schema.org\",\"@graph\":[{\"@type\":\"WebPage\",\"@id\":\"https:\\\/\\\/driver.atombilisim.com.tr\\\/index.php\\\/turbox-h110\\\/\",\"url\":\"https:\\\/\\\/driver.atombilisim.com.tr\\\/index.php\\\/turbox-h110\\\/\",\"name\":\"Turbox H310 - S\u00fcr\u00fcc\u00fcleri Y\u00fckle\",\"isPartOf\":{\"@id\":\"https:\\\/\\\/driver.atombilisim.com.tr\\\/#website\"},\"primaryImageOfPage\":{\"@id\":\"https:\\\/\\\/driver.atombilisim.com.tr\\\/index.php\\\/turbox-h110\\\/#primaryimage\"},\"image\":{\"@id\":\"https:\\\/\\\/driver.atombilisim.com.tr\\\/index.php\\\/turbox-h110\\\/#primaryimage\"},\"thumbnailUrl\":\"https:\\\/\\\/driver.atombilisim.com.tr\\\/wp-content\\\/uploads\\\/2021\\\/08\\\/33eb2fa6-5056-bcd5-b3f98e28f89de773-1-300x300.jpg\",\"datePublished\":\"2021-08-06T09:00:12+00:00\",\"dateModified\":\"2021-08-09T15:22:22+00:00\",\"breadcrumb\":{\"@id\":\"https:\\\/\\\/driver.atombilisim.com.tr\\\/index.php\\\/turbox-h110\\\/#breadcrumb\"},\"inLanguage\":\"tr\",\"potentialAction\":[{\"@type\":\"ReadAction\",\"target\":[\"https:\\\/\\\/driver.atombilisim.com.tr\\\/index.php\\\/turbox-h110\\\/\"]}]},{\"@type\":\"ImageObject\",\"inLanguage\":\"tr\",\"@id\":\"https:\\\/\\\/driver.atombilisim.com.tr\\\/index.php\\\/turbox-h110\\\/#primaryimage\",\"url\":\"https:\\\/\\\/i0.wp.com\\\/driver.atombilisim.com.tr\\\/wp-content\\\/uploads\\\/2021\\\/08\\\/33eb2fa6-5056-bcd5-b3f98e28f89de773-1.jpg?fit=1000%2C1000&ssl=1\",\"contentUrl\":\"https:\\\/\\\/i0.wp.com\\\/driver.atombilisim.com.tr\\\/wp-content\\\/uploads\\\/2021\\\/08\\\/33eb2fa6-5056-bcd5-b3f98e28f89de773-1.jpg?fit=1000%2C1000&ssl=1\",\"width\":1000,\"height\":1000},{\"@type\":\"BreadcrumbList\",\"@id\":\"https:\\\/\\\/driver.atombilisim.com.tr\\\/index.php\\\/turbox-h110\\\/#breadcrumb\",\"itemListElement\":[{\"@type\":\"ListItem\",\"position\":1,\"name\":\"Anasayfa\",\"item\":\"https:\\\/\\\/driver.atombilisim.com.tr\\\/\"},{\"@type\":\"ListItem\",\"position\":2,\"name\":\"Turbox H310\"}]},{\"@type\":\"WebSite\",\"@id\":\"https:\\\/\\\/driver.atombilisim.com.tr\\\/#website\",\"url\":\"https:\\\/\\\/driver.atombilisim.com.tr\\\/\",\"name\":\"driver.atombilisim\",\"description\":\"\",\"publisher\":{\"@id\":\"https:\\\/\\\/driver.atombilisim.com.tr\\\/#organization\"},\"potentialAction\":[{\"@type\":\"SearchAction\",\"target\":{\"@type\":\"EntryPoint\",\"urlTemplate\":\"https:\\\/\\\/driver.atombilisim.com.tr\\\/?s={search_term_string}\"},\"query-input\":{\"@type\":\"PropertyValueSpecification\",\"valueRequired\":true,\"valueName\":\"search_term_string\"}}],\"inLanguage\":\"tr\"},{\"@type\":\"Organization\",\"@id\":\"https:\\\/\\\/driver.atombilisim.com.tr\\\/#organization\",\"name\":\"Atombili\u015fim\",\"url\":\"https:\\\/\\\/driver.atombilisim.com.tr\\\/\",\"logo\":{\"@type\":\"ImageObject\",\"inLanguage\":\"tr\",\"@id\":\"https:\\\/\\\/driver.atombilisim.com.tr\\\/#\\\/schema\\\/logo\\\/image\\\/\",\"url\":\"https:\\\/\\\/i0.wp.com\\\/driver.atombilisim.com.tr\\\/wp-content\\\/uploads\\\/2021\\\/08\\\/cropped-logo-beyaz-6.png?fit=1000%2C1000&ssl=1\",\"contentUrl\":\"https:\\\/\\\/i0.wp.com\\\/driver.atombilisim.com.tr\\\/wp-content\\\/uploads\\\/2021\\\/08\\\/cropped-logo-beyaz-6.png?fit=1000%2C1000&ssl=1\",\"width\":1000,\"height\":1000,\"caption\":\"Atombili\u015fim\"},\"image\":{\"@id\":\"https:\\\/\\\/driver.atombilisim.com.tr\\\/#\\\/schema\\\/logo\\\/image\\\/\"},\"sameAs\":[\"https:\\\/\\\/www.instagram.com\\\/atombilisim\\\/\",\"https:\\\/\\\/www.youtube.com\\\/c\\\/AtombilisimTrTCARET\"]}]}<\/script>\n<!-- \/ Yoast SEO plugin. -->","yoast_head_json":{"title":"Turbox H310 - S\u00fcr\u00fcc\u00fcleri Y\u00fckle","robots":{"index":"index","follow":"follow","max-snippet":"max-snippet:-1","max-image-preview":"max-image-preview:large","max-video-preview":"max-video-preview:-1"},"canonical":"https:\/\/driver.atombilisim.com.tr\/index.php\/turbox-h110\/","og_locale":"tr_TR","og_type":"article","og_title":"Turbox H310 - S\u00fcr\u00fcc\u00fcleri Y\u00fckle","og_url":"https:\/\/driver.atombilisim.com.tr\/index.php\/turbox-h110\/","og_site_name":"S\u00fcr\u00fcc\u00fcleri Y\u00fckle","article_modified_time":"2021-08-09T15:22:22+00:00","og_image":[{"url":"https:\/\/driver.atombilisim.com.tr\/wp-content\/uploads\/2021\/08\/33eb2fa6-5056-bcd5-b3f98e28f89de773-1-300x300.jpg","type":"","width":"","height":""}],"twitter_card":"summary_large_image","twitter_misc":{"Tahmini okuma s\u00fcresi":"1 dakika"},"schema":{"@context":"https:\/\/schema.org","@graph":[{"@type":"WebPage","@id":"https:\/\/driver.atombilisim.com.tr\/index.php\/turbox-h110\/","url":"https:\/\/driver.atombilisim.com.tr\/index.php\/turbox-h110\/","name":"Turbox H310 - S\u00fcr\u00fcc\u00fcleri Y\u00fckle","isPartOf":{"@id":"https:\/\/driver.atombilisim.com.tr\/#website"},"primaryImageOfPage":{"@id":"https:\/\/driver.atombilisim.com.tr\/index.php\/turbox-h110\/#primaryimage"},"image":{"@id":"https:\/\/driver.atombilisim.com.tr\/index.php\/turbox-h110\/#primaryimage"},"thumbnailUrl":"https:\/\/driver.atombilisim.com.tr\/wp-content\/uploads\/2021\/08\/33eb2fa6-5056-bcd5-b3f98e28f89de773-1-300x300.jpg","datePublished":"2021-08-06T09:00:12+00:00","dateModified":"2021-08-09T15:22:22+00:00","breadcrumb":{"@id":"https:\/\/driver.atombilisim.com.tr\/index.php\/turbox-h110\/#breadcrumb"},"inLanguage":"tr","potentialAction":[{"@type":"ReadAction","target":["https:\/\/driver.atombilisim.com.tr\/index.php\/turbox-h110\/"]}]},{"@type":"ImageObject","inLanguage":"tr","@id":"https:\/\/driver.atombilisim.com.tr\/index.php\/turbox-h110\/#primaryimage","url":"https:\/\/i0.wp.com\/driver.atombilisim.com.tr\/wp-content\/uploads\/2021\/08\/33eb2fa6-5056-bcd5-b3f98e28f89de773-1.jpg?fit=1000%2C1000&ssl=1","contentUrl":"https:\/\/i0.wp.com\/driver.atombilisim.com.tr\/wp-content\/uploads\/2021\/08\/33eb2fa6-5056-bcd5-b3f98e28f89de773-1.jpg?fit=1000%2C1000&ssl=1","width":1000,"height":1000},{"@type":"BreadcrumbList","@id":"https:\/\/driver.atombilisim.com.tr\/index.php\/turbox-h110\/#breadcrumb","itemListElement":[{"@type":"ListItem","position":1,"name":"Anasayfa","item":"https:\/\/driver.atombilisim.com.tr\/"},{"@type":"ListItem","position":2,"name":"Turbox H310"}]},{"@type":"WebSite","@id":"https:\/\/driver.atombilisim.com.tr\/#website","url":"https:\/\/driver.atombilisim.com.tr\/","name":"driver.atombilisim","description":"","publisher":{"@id":"https:\/\/driver.atombilisim.com.tr\/#organization"},"potentialAction":[{"@type":"SearchAction","target":{"@type":"EntryPoint","urlTemplate":"https:\/\/driver.atombilisim.com.tr\/?s={search_term_string}"},"query-input":{"@type":"PropertyValueSpecification","valueRequired":true,"valueName":"search_term_string"}}],"inLanguage":"tr"},{"@type":"Organization","@id":"https:\/\/driver.atombilisim.com.tr\/#organization","name":"Atombili\u015fim","url":"https:\/\/driver.atombilisim.com.tr\/","logo":{"@type":"ImageObject","inLanguage":"tr","@id":"https:\/\/driver.atombilisim.com.tr\/#\/schema\/logo\/image\/","url":"https:\/\/i0.wp.com\/driver.atombilisim.com.tr\/wp-content\/uploads\/2021\/08\/cropped-logo-beyaz-6.png?fit=1000%2C1000&ssl=1","contentUrl":"https:\/\/i0.wp.com\/driver.atombilisim.com.tr\/wp-content\/uploads\/2021\/08\/cropped-logo-beyaz-6.png?fit=1000%2C1000&ssl=1","width":1000,"height":1000,"caption":"Atombili\u015fim"},"image":{"@id":"https:\/\/driver.atombilisim.com.tr\/#\/schema\/logo\/image\/"},"sameAs":["https:\/\/www.instagram.com\/atombilisim\/","https:\/\/www.youtube.com\/c\/AtombilisimTrTCARET"]}]}},"uagb_featured_image_src":{"full":false,"thumbnail":false,"medium":false,"medium_large":false,"large":false,"1536x1536":false,"2048x2048":false},"uagb_author_info":{"display_name":"Muhammed Akbaba","author_link":"https:\/\/driver.atombilisim.com.tr\/index.php\/author\/makbaba\/"},"uagb_comment_info":0,"uagb_excerpt":null,"jetpack_sharing_enabled":true,"_links":{"self":[{"href":"https:\/\/driver.atombilisim.com.tr\/index.php\/wp-json\/wp\/v2\/pages\/25927","targetHints":{"allow":["GET"]}}],"collection":[{"href":"https:\/\/driver.atombilisim.com.tr\/index.php\/wp-json\/wp\/v2\/pages"}],"about":[{"href":"https:\/\/driver.atombilisim.com.tr\/index.php\/wp-json\/wp\/v2\/types\/page"}],"author":[{"embeddable":true,"href":"https:\/\/driver.atombilisim.com.tr\/index.php\/wp-json\/wp\/v2\/users\/2"}],"replies":[{"embeddable":true,"href":"https:\/\/driver.atombilisim.com.tr\/index.php\/wp-json\/wp\/v2\/comments?post=25927"}],"version-history":[{"count":2,"href":"https:\/\/driver.atombilisim.com.tr\/index.php\/wp-json\/wp\/v2\/pages\/25927\/revisions"}],"predecessor-version":[{"id":26180,"href":"https:\/\/driver.atombilisim.com.tr\/index.php\/wp-json\/wp\/v2\/pages\/25927\/revisions\/26180"}],"wp:attachment":[{"href":"https:\/\/driver.atombilisim.com.tr\/index.php\/wp-json\/wp\/v2\/media?parent=25927"}],"curies":[{"name":"wp","href":"https:\/\/api.w.org\/{rel}","templated":true}]}}