{"id":26383,"date":"2025-05-14T12:43:12","date_gmt":"2025-05-14T12:43:12","guid":{"rendered":"https:\/\/driver.atombilisim.com.tr\/?page_id=26383"},"modified":"2025-05-14T15:12:40","modified_gmt":"2025-05-14T15:12:40","slug":"turbox-b75h61-satam2-ddr3-1600mhz-usb-3-0-vga-hdmi-ses-g-lan-1155p-2-3-gen-anakart","status":"publish","type":"page","link":"https:\/\/driver.atombilisim.com.tr\/index.php\/turbox-b75h61-satam2-ddr3-1600mhz-usb-3-0-vga-hdmi-ses-g-lan-1155p-2-3-gen-anakart\/","title":{"rendered":"Turbox B75(H61) Sata,M2 Ddr3 1600MHz Usb 3.0 Vga Hdmi Ses G.Lan 1155P 2.3.Gen Anakart"},"content":{"rendered":"\n<figure class=\"wp-block-image size-thumbnail is-resized is-style-rounded wp-duotone-dark-grayscale\"><img data-recalc-dims=\"1\" loading=\"lazy\" decoding=\"async\" width=\"150\" height=\"150\" src=\"https:\/\/i0.wp.com\/driver.atombilisim.com.tr\/wp-content\/uploads\/2025\/05\/b75-1.jpg?resize=150%2C150&#038;ssl=1\" alt=\"\" class=\"wp-image-26385\" style=\"width:176px;height:176px\" srcset=\"https:\/\/i0.wp.com\/driver.atombilisim.com.tr\/wp-content\/uploads\/2025\/05\/b75-1.jpg?resize=150%2C150&amp;ssl=1 150w, https:\/\/i0.wp.com\/driver.atombilisim.com.tr\/wp-content\/uploads\/2025\/05\/b75-1.jpg?resize=300%2C300&amp;ssl=1 300w, https:\/\/i0.wp.com\/driver.atombilisim.com.tr\/wp-content\/uploads\/2025\/05\/b75-1.jpg?resize=768%2C768&amp;ssl=1 768w, https:\/\/i0.wp.com\/driver.atombilisim.com.tr\/wp-content\/uploads\/2025\/05\/b75-1.jpg?w=900&amp;ssl=1 900w\" sizes=\"auto, (max-width: 150px) 100vw, 150px\" \/><\/figure>\n\n\n<div class=\"wp-block-uagb-faq uagb-faq__outer-wrap uagb-block-9f762394 uagb-faq-icon-row uagb-faq-layout-accordion uagb-faq-expand-first-false uagb-faq-inactive-other-true uagb-faq__wrap uagb-buttons-layout-wrap uagb-faq-equal-height     \" data-faqtoggle=\"true\" role=\"tablist\"><div class=\"wp-block-uagb-faq-child uagb-faq-child__outer-wrap uagb-faq-item uagb-block-79756e1b wp-block-uagb-faq-child uagb-faq-child__outer-wrap uagb-block-79756e1b\" role=\"tab\" tabindex=\"0\"><div class=\"uagb-faq-questions-button uagb-faq-questions\">\t\t\t<span class=\"uagb-icon uagb-faq-icon-wrap\">\n\t\t\t\t\t\t\t\t<svg xmlns=\"https:\/\/www.w3.org\/2000\/svg\" viewBox= \"0 0 448 512\"><path d=\"M432 256c0 17.69-14.33 32.01-32 32.01H256v144c0 17.69-14.33 31.99-32 31.99s-32-14.3-32-31.99v-144H48c-17.67 0-32-14.32-32-32.01s14.33-31.99 32-31.99H192v-144c0-17.69 14.33-32.01 32-32.01s32 14.32 32 32.01v144h144C417.7 224 432 238.3 432 256z\"><\/path><\/svg>\n\t\t\t\t\t\t\t<\/span>\n\t\t\t\t\t\t<span class=\"uagb-icon-active uagb-faq-icon-wrap\">\n\t\t\t\t\t\t\t\t<svg xmlns=\"https:\/\/www.w3.org\/2000\/svg\" viewBox= \"0 0 448 512\"><path d=\"M400 288h-352c-17.69 0-32-14.32-32-32.01s14.31-31.99 32-31.99h352c17.69 0 32 14.3 32 31.99S417.7 288 400 288z\"><\/path><\/svg>\n\t\t\t\t\t\t\t<\/span>\n\t\t\t<span class=\"uagb-question\">DR\u0130VER<\/span><\/div><div class=\"uagb-faq-content\"><p>VGA \u0130ND\u0130R<br><br>CH\u0130PSET \u0130ND\u0130R<br><br>SES \u0130ND\u0130R<\/p><\/div><\/div><div class=\"wp-block-uagb-faq-child uagb-faq-child__outer-wrap uagb-faq-item uagb-block-e9af40fe wp-block-uagb-faq-child uagb-faq-child__outer-wrap uagb-block-e9af40fe\" role=\"tab\" tabindex=\"0\"><div class=\"uagb-faq-questions-button uagb-faq-questions\">\t\t\t<span class=\"uagb-icon uagb-faq-icon-wrap\">\n\t\t\t\t\t\t\t\t<svg xmlns=\"https:\/\/www.w3.org\/2000\/svg\" viewBox= \"0 0 448 512\"><path d=\"M432 256c0 17.69-14.33 32.01-32 32.01H256v144c0 17.69-14.33 31.99-32 31.99s-32-14.3-32-31.99v-144H48c-17.67 0-32-14.32-32-32.01s14.33-31.99 32-31.99H192v-144c0-17.69 14.33-32.01 32-32.01s32 14.32 32 32.01v144h144C417.7 224 432 238.3 432 256z\"><\/path><\/svg>\n\t\t\t\t\t\t\t<\/span>\n\t\t\t\t\t\t<span class=\"uagb-icon-active uagb-faq-icon-wrap\">\n\t\t\t\t\t\t\t\t<svg xmlns=\"https:\/\/www.w3.org\/2000\/svg\" viewBox= \"0 0 448 512\"><path d=\"M400 288h-352c-17.69 0-32-14.32-32-32.01s14.31-31.99 32-31.99h352c17.69 0 32 14.3 32 31.99S417.7 288 400 288z\"><\/path><\/svg>\n\t\t\t\t\t\t\t<\/span>\n\t\t\t<span class=\"uagb-question\">B\u0130OS<\/span><\/div><div class=\"uagb-faq-content\"><p><a href=\"https:\/\/atomservis.com\/Driver\/Turbox-B75(H61)-Bios.zip\">\u0130ndir<\/a><\/p><\/div><\/div><\/div>\n\n\n<p><\/p>\n","protected":false},"excerpt":{"rendered":"","protected":false},"author":2,"featured_media":0,"parent":0,"menu_order":0,"comment_status":"closed","ping_status":"closed","template":"","meta":{"_uag_custom_page_level_css":"","_joinchat":[],"footnotes":""},"class_list":["post-26383","page","type-page","status-publish","hentry"],"yoast_head":"<!-- This site is optimized with the Yoast SEO plugin v27.5 - https:\/\/yoast.com\/product\/yoast-seo-wordpress\/ -->\n<title>Turbox B75(H61) Sata,M2 Ddr3 1600MHz Usb 3.0 Vga Hdmi Ses G.Lan 1155P 2.3.Gen Anakart - S\u00fcr\u00fcc\u00fcleri Y\u00fckle<\/title>\n<meta name=\"robots\" content=\"index, follow, max-snippet:-1, max-image-preview:large, max-video-preview:-1\" \/>\n<link rel=\"canonical\" href=\"https:\/\/driver.atombilisim.com.tr\/index.php\/turbox-b75h61-satam2-ddr3-1600mhz-usb-3-0-vga-hdmi-ses-g-lan-1155p-2-3-gen-anakart\/\" \/>\n<meta property=\"og:locale\" content=\"tr_TR\" \/>\n<meta property=\"og:type\" content=\"article\" \/>\n<meta property=\"og:title\" content=\"Turbox B75(H61) Sata,M2 Ddr3 1600MHz Usb 3.0 Vga Hdmi Ses G.Lan 1155P 2.3.Gen Anakart - S\u00fcr\u00fcc\u00fcleri Y\u00fckle\" \/>\n<meta property=\"og:url\" content=\"https:\/\/driver.atombilisim.com.tr\/index.php\/turbox-b75h61-satam2-ddr3-1600mhz-usb-3-0-vga-hdmi-ses-g-lan-1155p-2-3-gen-anakart\/\" \/>\n<meta property=\"og:site_name\" content=\"S\u00fcr\u00fcc\u00fcleri Y\u00fckle\" \/>\n<meta property=\"article:modified_time\" content=\"2025-05-14T15:12:40+00:00\" \/>\n<meta property=\"og:image\" content=\"https:\/\/driver.atombilisim.com.tr\/wp-content\/uploads\/2025\/05\/b75-1-150x150.jpg\" \/>\n<meta name=\"twitter:card\" content=\"summary_large_image\" \/>\n<script type=\"application\/ld+json\" class=\"yoast-schema-graph\">{\"@context\":\"https:\\\/\\\/schema.org\",\"@graph\":[{\"@type\":\"WebPage\",\"@id\":\"https:\\\/\\\/driver.atombilisim.com.tr\\\/index.php\\\/turbox-b75h61-satam2-ddr3-1600mhz-usb-3-0-vga-hdmi-ses-g-lan-1155p-2-3-gen-anakart\\\/\",\"url\":\"https:\\\/\\\/driver.atombilisim.com.tr\\\/index.php\\\/turbox-b75h61-satam2-ddr3-1600mhz-usb-3-0-vga-hdmi-ses-g-lan-1155p-2-3-gen-anakart\\\/\",\"name\":\"Turbox B75(H61) Sata,M2 Ddr3 1600MHz Usb 3.0 Vga Hdmi Ses G.Lan 1155P 2.3.Gen Anakart - S\u00fcr\u00fcc\u00fcleri Y\u00fckle\",\"isPartOf\":{\"@id\":\"https:\\\/\\\/driver.atombilisim.com.tr\\\/#website\"},\"primaryImageOfPage\":{\"@id\":\"https:\\\/\\\/driver.atombilisim.com.tr\\\/index.php\\\/turbox-b75h61-satam2-ddr3-1600mhz-usb-3-0-vga-hdmi-ses-g-lan-1155p-2-3-gen-anakart\\\/#primaryimage\"},\"image\":{\"@id\":\"https:\\\/\\\/driver.atombilisim.com.tr\\\/index.php\\\/turbox-b75h61-satam2-ddr3-1600mhz-usb-3-0-vga-hdmi-ses-g-lan-1155p-2-3-gen-anakart\\\/#primaryimage\"},\"thumbnailUrl\":\"https:\\\/\\\/driver.atombilisim.com.tr\\\/wp-content\\\/uploads\\\/2025\\\/05\\\/b75-1-150x150.jpg\",\"datePublished\":\"2025-05-14T12:43:12+00:00\",\"dateModified\":\"2025-05-14T15:12:40+00:00\",\"breadcrumb\":{\"@id\":\"https:\\\/\\\/driver.atombilisim.com.tr\\\/index.php\\\/turbox-b75h61-satam2-ddr3-1600mhz-usb-3-0-vga-hdmi-ses-g-lan-1155p-2-3-gen-anakart\\\/#breadcrumb\"},\"inLanguage\":\"tr\",\"potentialAction\":[{\"@type\":\"ReadAction\",\"target\":[\"https:\\\/\\\/driver.atombilisim.com.tr\\\/index.php\\\/turbox-b75h61-satam2-ddr3-1600mhz-usb-3-0-vga-hdmi-ses-g-lan-1155p-2-3-gen-anakart\\\/\"]}]},{\"@type\":\"ImageObject\",\"inLanguage\":\"tr\",\"@id\":\"https:\\\/\\\/driver.atombilisim.com.tr\\\/index.php\\\/turbox-b75h61-satam2-ddr3-1600mhz-usb-3-0-vga-hdmi-ses-g-lan-1155p-2-3-gen-anakart\\\/#primaryimage\",\"url\":\"https:\\\/\\\/i0.wp.com\\\/driver.atombilisim.com.tr\\\/wp-content\\\/uploads\\\/2025\\\/05\\\/b75-1.jpg?fit=900%2C900&ssl=1\",\"contentUrl\":\"https:\\\/\\\/i0.wp.com\\\/driver.atombilisim.com.tr\\\/wp-content\\\/uploads\\\/2025\\\/05\\\/b75-1.jpg?fit=900%2C900&ssl=1\",\"width\":900,\"height\":900},{\"@type\":\"BreadcrumbList\",\"@id\":\"https:\\\/\\\/driver.atombilisim.com.tr\\\/index.php\\\/turbox-b75h61-satam2-ddr3-1600mhz-usb-3-0-vga-hdmi-ses-g-lan-1155p-2-3-gen-anakart\\\/#breadcrumb\",\"itemListElement\":[{\"@type\":\"ListItem\",\"position\":1,\"name\":\"Anasayfa\",\"item\":\"https:\\\/\\\/driver.atombilisim.com.tr\\\/\"},{\"@type\":\"ListItem\",\"position\":2,\"name\":\"Turbox B75(H61) Sata,M2 Ddr3 1600MHz Usb 3.0 Vga Hdmi Ses G.Lan 1155P 2.3.Gen Anakart\"}]},{\"@type\":\"WebSite\",\"@id\":\"https:\\\/\\\/driver.atombilisim.com.tr\\\/#website\",\"url\":\"https:\\\/\\\/driver.atombilisim.com.tr\\\/\",\"name\":\"driver.atombilisim\",\"description\":\"\",\"publisher\":{\"@id\":\"https:\\\/\\\/driver.atombilisim.com.tr\\\/#organization\"},\"potentialAction\":[{\"@type\":\"SearchAction\",\"target\":{\"@type\":\"EntryPoint\",\"urlTemplate\":\"https:\\\/\\\/driver.atombilisim.com.tr\\\/?s={search_term_string}\"},\"query-input\":{\"@type\":\"PropertyValueSpecification\",\"valueRequired\":true,\"valueName\":\"search_term_string\"}}],\"inLanguage\":\"tr\"},{\"@type\":\"Organization\",\"@id\":\"https:\\\/\\\/driver.atombilisim.com.tr\\\/#organization\",\"name\":\"Atombili\u015fim\",\"url\":\"https:\\\/\\\/driver.atombilisim.com.tr\\\/\",\"logo\":{\"@type\":\"ImageObject\",\"inLanguage\":\"tr\",\"@id\":\"https:\\\/\\\/driver.atombilisim.com.tr\\\/#\\\/schema\\\/logo\\\/image\\\/\",\"url\":\"https:\\\/\\\/i0.wp.com\\\/driver.atombilisim.com.tr\\\/wp-content\\\/uploads\\\/2021\\\/08\\\/cropped-logo-beyaz-6.png?fit=1000%2C1000&ssl=1\",\"contentUrl\":\"https:\\\/\\\/i0.wp.com\\\/driver.atombilisim.com.tr\\\/wp-content\\\/uploads\\\/2021\\\/08\\\/cropped-logo-beyaz-6.png?fit=1000%2C1000&ssl=1\",\"width\":1000,\"height\":1000,\"caption\":\"Atombili\u015fim\"},\"image\":{\"@id\":\"https:\\\/\\\/driver.atombilisim.com.tr\\\/#\\\/schema\\\/logo\\\/image\\\/\"},\"sameAs\":[\"https:\\\/\\\/www.instagram.com\\\/atombilisim\\\/\",\"https:\\\/\\\/www.youtube.com\\\/c\\\/AtombilisimTrTCARET\"]}]}<\/script>\n<!-- \/ Yoast SEO plugin. -->","yoast_head_json":{"title":"Turbox B75(H61) Sata,M2 Ddr3 1600MHz Usb 3.0 Vga Hdmi Ses G.Lan 1155P 2.3.Gen Anakart - S\u00fcr\u00fcc\u00fcleri Y\u00fckle","robots":{"index":"index","follow":"follow","max-snippet":"max-snippet:-1","max-image-preview":"max-image-preview:large","max-video-preview":"max-video-preview:-1"},"canonical":"https:\/\/driver.atombilisim.com.tr\/index.php\/turbox-b75h61-satam2-ddr3-1600mhz-usb-3-0-vga-hdmi-ses-g-lan-1155p-2-3-gen-anakart\/","og_locale":"tr_TR","og_type":"article","og_title":"Turbox B75(H61) Sata,M2 Ddr3 1600MHz Usb 3.0 Vga Hdmi Ses G.Lan 1155P 2.3.Gen Anakart - S\u00fcr\u00fcc\u00fcleri Y\u00fckle","og_url":"https:\/\/driver.atombilisim.com.tr\/index.php\/turbox-b75h61-satam2-ddr3-1600mhz-usb-3-0-vga-hdmi-ses-g-lan-1155p-2-3-gen-anakart\/","og_site_name":"S\u00fcr\u00fcc\u00fcleri Y\u00fckle","article_modified_time":"2025-05-14T15:12:40+00:00","og_image":[{"url":"https:\/\/driver.atombilisim.com.tr\/wp-content\/uploads\/2025\/05\/b75-1-150x150.jpg","type":"","width":"","height":""}],"twitter_card":"summary_large_image","schema":{"@context":"https:\/\/schema.org","@graph":[{"@type":"WebPage","@id":"https:\/\/driver.atombilisim.com.tr\/index.php\/turbox-b75h61-satam2-ddr3-1600mhz-usb-3-0-vga-hdmi-ses-g-lan-1155p-2-3-gen-anakart\/","url":"https:\/\/driver.atombilisim.com.tr\/index.php\/turbox-b75h61-satam2-ddr3-1600mhz-usb-3-0-vga-hdmi-ses-g-lan-1155p-2-3-gen-anakart\/","name":"Turbox B75(H61) Sata,M2 Ddr3 1600MHz Usb 3.0 Vga Hdmi Ses G.Lan 1155P 2.3.Gen Anakart - S\u00fcr\u00fcc\u00fcleri Y\u00fckle","isPartOf":{"@id":"https:\/\/driver.atombilisim.com.tr\/#website"},"primaryImageOfPage":{"@id":"https:\/\/driver.atombilisim.com.tr\/index.php\/turbox-b75h61-satam2-ddr3-1600mhz-usb-3-0-vga-hdmi-ses-g-lan-1155p-2-3-gen-anakart\/#primaryimage"},"image":{"@id":"https:\/\/driver.atombilisim.com.tr\/index.php\/turbox-b75h61-satam2-ddr3-1600mhz-usb-3-0-vga-hdmi-ses-g-lan-1155p-2-3-gen-anakart\/#primaryimage"},"thumbnailUrl":"https:\/\/driver.atombilisim.com.tr\/wp-content\/uploads\/2025\/05\/b75-1-150x150.jpg","datePublished":"2025-05-14T12:43:12+00:00","dateModified":"2025-05-14T15:12:40+00:00","breadcrumb":{"@id":"https:\/\/driver.atombilisim.com.tr\/index.php\/turbox-b75h61-satam2-ddr3-1600mhz-usb-3-0-vga-hdmi-ses-g-lan-1155p-2-3-gen-anakart\/#breadcrumb"},"inLanguage":"tr","potentialAction":[{"@type":"ReadAction","target":["https:\/\/driver.atombilisim.com.tr\/index.php\/turbox-b75h61-satam2-ddr3-1600mhz-usb-3-0-vga-hdmi-ses-g-lan-1155p-2-3-gen-anakart\/"]}]},{"@type":"ImageObject","inLanguage":"tr","@id":"https:\/\/driver.atombilisim.com.tr\/index.php\/turbox-b75h61-satam2-ddr3-1600mhz-usb-3-0-vga-hdmi-ses-g-lan-1155p-2-3-gen-anakart\/#primaryimage","url":"https:\/\/i0.wp.com\/driver.atombilisim.com.tr\/wp-content\/uploads\/2025\/05\/b75-1.jpg?fit=900%2C900&ssl=1","contentUrl":"https:\/\/i0.wp.com\/driver.atombilisim.com.tr\/wp-content\/uploads\/2025\/05\/b75-1.jpg?fit=900%2C900&ssl=1","width":900,"height":900},{"@type":"BreadcrumbList","@id":"https:\/\/driver.atombilisim.com.tr\/index.php\/turbox-b75h61-satam2-ddr3-1600mhz-usb-3-0-vga-hdmi-ses-g-lan-1155p-2-3-gen-anakart\/#breadcrumb","itemListElement":[{"@type":"ListItem","position":1,"name":"Anasayfa","item":"https:\/\/driver.atombilisim.com.tr\/"},{"@type":"ListItem","position":2,"name":"Turbox B75(H61) Sata,M2 Ddr3 1600MHz Usb 3.0 Vga Hdmi Ses G.Lan 1155P 2.3.Gen Anakart"}]},{"@type":"WebSite","@id":"https:\/\/driver.atombilisim.com.tr\/#website","url":"https:\/\/driver.atombilisim.com.tr\/","name":"driver.atombilisim","description":"","publisher":{"@id":"https:\/\/driver.atombilisim.com.tr\/#organization"},"potentialAction":[{"@type":"SearchAction","target":{"@type":"EntryPoint","urlTemplate":"https:\/\/driver.atombilisim.com.tr\/?s={search_term_string}"},"query-input":{"@type":"PropertyValueSpecification","valueRequired":true,"valueName":"search_term_string"}}],"inLanguage":"tr"},{"@type":"Organization","@id":"https:\/\/driver.atombilisim.com.tr\/#organization","name":"Atombili\u015fim","url":"https:\/\/driver.atombilisim.com.tr\/","logo":{"@type":"ImageObject","inLanguage":"tr","@id":"https:\/\/driver.atombilisim.com.tr\/#\/schema\/logo\/image\/","url":"https:\/\/i0.wp.com\/driver.atombilisim.com.tr\/wp-content\/uploads\/2021\/08\/cropped-logo-beyaz-6.png?fit=1000%2C1000&ssl=1","contentUrl":"https:\/\/i0.wp.com\/driver.atombilisim.com.tr\/wp-content\/uploads\/2021\/08\/cropped-logo-beyaz-6.png?fit=1000%2C1000&ssl=1","width":1000,"height":1000,"caption":"Atombili\u015fim"},"image":{"@id":"https:\/\/driver.atombilisim.com.tr\/#\/schema\/logo\/image\/"},"sameAs":["https:\/\/www.instagram.com\/atombilisim\/","https:\/\/www.youtube.com\/c\/AtombilisimTrTCARET"]}]}},"uagb_featured_image_src":{"full":false,"thumbnail":false,"medium":false,"medium_large":false,"large":false,"1536x1536":false,"2048x2048":false},"uagb_author_info":{"display_name":"Muhammed Akbaba","author_link":"https:\/\/driver.atombilisim.com.tr\/index.php\/author\/makbaba\/"},"uagb_comment_info":0,"uagb_excerpt":null,"jetpack_sharing_enabled":true,"_links":{"self":[{"href":"https:\/\/driver.atombilisim.com.tr\/index.php\/wp-json\/wp\/v2\/pages\/26383","targetHints":{"allow":["GET"]}}],"collection":[{"href":"https:\/\/driver.atombilisim.com.tr\/index.php\/wp-json\/wp\/v2\/pages"}],"about":[{"href":"https:\/\/driver.atombilisim.com.tr\/index.php\/wp-json\/wp\/v2\/types\/page"}],"author":[{"embeddable":true,"href":"https:\/\/driver.atombilisim.com.tr\/index.php\/wp-json\/wp\/v2\/users\/2"}],"replies":[{"embeddable":true,"href":"https:\/\/driver.atombilisim.com.tr\/index.php\/wp-json\/wp\/v2\/comments?post=26383"}],"version-history":[{"count":2,"href":"https:\/\/driver.atombilisim.com.tr\/index.php\/wp-json\/wp\/v2\/pages\/26383\/revisions"}],"predecessor-version":[{"id":26424,"href":"https:\/\/driver.atombilisim.com.tr\/index.php\/wp-json\/wp\/v2\/pages\/26383\/revisions\/26424"}],"wp:attachment":[{"href":"https:\/\/driver.atombilisim.com.tr\/index.php\/wp-json\/wp\/v2\/media?parent=26383"}],"curies":[{"name":"wp","href":"https:\/\/api.w.org\/{rel}","templated":true}]}}